{"id":1584,"date":"2024-03-20T15:41:08","date_gmt":"2024-03-20T14:41:08","guid":{"rendered":"https:\/\/maximeducharme.com\/?page_id=1584"},"modified":"2024-03-20T16:14:12","modified_gmt":"2024-03-20T15:14:12","slug":"barbicue","status":"publish","type":"page","link":"https:\/\/maximeducharme.com\/index.php\/barbicue\/","title":{"rendered":"Barbicue"},"content":{"rendered":"\t\t<div data-elementor-type=\"wp-page\" data-elementor-id=\"1584\" class=\"elementor elementor-1584\">\n\t\t\t\t\t\t<section class=\"elementor-section elementor-top-section elementor-element elementor-element-a14839d elementor-section-boxed elementor-section-height-default elementor-section-height-default\" data-id=\"a14839d\" data-element_type=\"section\">\n\t\t\t\t\t\t<div class=\"elementor-container elementor-column-gap-default\">\n\t\t\t\t\t<div class=\"elementor-column elementor-col-100 elementor-top-column elementor-element elementor-element-d970e42\" data-id=\"d970e42\" data-element_type=\"column\">\n\t\t\t<div class=\"elementor-widget-wrap elementor-element-populated\">\n\t\t\t\t\t\t<div class=\"elementor-element elementor-element-05ec3ab elementor-widget elementor-widget-spacer\" data-id=\"05ec3ab\" data-element_type=\"widget\" data-widget_type=\"spacer.default\">\n\t\t\t\t<div class=\"elementor-widget-container\">\n\t\t\t\t\t\t\t<div class=\"elementor-spacer\">\n\t\t\t<div class=\"elementor-spacer-inner\"><\/div>\n\t\t<\/div>\n\t\t\t\t\t\t<\/div>\n\t\t\t\t<\/div>\n\t\t\t\t<div class=\"elementor-element elementor-element-134b345 elementor-widget elementor-widget-image\" data-id=\"134b345\" data-element_type=\"widget\" data-widget_type=\"image.default\">\n\t\t\t\t<div class=\"elementor-widget-container\">\n\t\t\t\t\t\t\t\t\t\t\t\t\t\t\t<img fetchpriority=\"high\" decoding=\"async\" width=\"1024\" height=\"577\" src=\"https:\/\/maximeducharme.com\/wp-content\/uploads\/2023\/07\/ecran-titre-barbicue-avec-barbecue-v2-1-1024x577.png\" class=\"attachment-large size-large wp-image-1461\" alt=\"\" srcset=\"https:\/\/maximeducharme.com\/wp-content\/uploads\/2023\/07\/ecran-titre-barbicue-avec-barbecue-v2-1-1024x577.png 1024w, https:\/\/maximeducharme.com\/wp-content\/uploads\/2023\/07\/ecran-titre-barbicue-avec-barbecue-v2-1-300x169.png 300w, https:\/\/maximeducharme.com\/wp-content\/uploads\/2023\/07\/ecran-titre-barbicue-avec-barbecue-v2-1-768x433.png 768w, https:\/\/maximeducharme.com\/wp-content\/uploads\/2023\/07\/ecran-titre-barbicue-avec-barbecue-v2-1-1536x865.png 1536w\" sizes=\"(max-width: 1024px) 100vw, 1024px\" \/>\t\t\t\t\t\t\t\t\t\t\t\t\t\t\t<\/div>\n\t\t\t\t<\/div>\n\t\t\t\t<div class=\"elementor-element elementor-element-e93115f elementor-widget elementor-widget-text-editor\" data-id=\"e93115f\" data-element_type=\"widget\" data-widget_type=\"text-editor.default\">\n\t\t\t\t<div class=\"elementor-widget-container\">\n\t\t\t\t\t\t\t\t\t<p>J&rsquo;\u00e9tais Graphiste 2D au sein d&rsquo;une \u00e9quipe de 4 personnes dont moi, dans le cadre de ce projet de jeu vid\u00e9o r\u00e9alis\u00e9 en 48h \u00e0 l&rsquo;occasion d&rsquo;une Game Jam.<br \/>J&rsquo;ai r\u00e9alis\u00e9 tous les assets du jeu avec le logiciel Adobe Illustrator : personnages, d\u00e9cor, accessoires ainsi que l&rsquo;\u00e9cran titre.<br \/>Le jeu est disponible ici : <a href=\"https:\/\/unikaz.itch.io\/barbicue\" target=\"_blank\" rel=\"nofollow noopener\">https:\/\/unikaz.itch.io\/barbicue<\/a><\/p>\t\t\t\t\t\t\t\t<\/div>\n\t\t\t\t<\/div>\n\t\t\t\t<div class=\"elementor-element elementor-element-8d499e1 elementor-widget elementor-widget-heading\" data-id=\"8d499e1\" data-element_type=\"widget\" data-widget_type=\"heading.default\">\n\t\t\t\t<div class=\"elementor-widget-container\">\n\t\t\t\t\t<h2 class=\"elementor-heading-title elementor-size-default\">Vue du jeu durant la partie<\/h2>\t\t\t\t<\/div>\n\t\t\t\t<\/div>\n\t\t\t\t<div class=\"elementor-element elementor-element-bf3fcc4 elementor-widget elementor-widget-image\" data-id=\"bf3fcc4\" data-element_type=\"widget\" data-widget_type=\"image.default\">\n\t\t\t\t<div class=\"elementor-widget-container\">\n\t\t\t\t\t\t\t\t\t\t\t\t\t\t\t\t<a href=\"https:\/\/maximeducharme.com\/wp-content\/uploads\/2023\/07\/Barbie-ecran-gameplay.png\" data-elementor-open-lightbox=\"yes\" data-e-action-hash=\"#elementor-action%3Aaction%3Dlightbox%26settings%3DeyJpZCI6MTQ4MSwidXJsIjoiaHR0cHM6XC9cL21heGltZWR1Y2hhcm1lLmNvbVwvd3AtY29udGVudFwvdXBsb2Fkc1wvMjAyM1wvMDdcL0JhcmJpZS1lY3Jhbi1nYW1lcGxheS5wbmcifQ%3D%3D\">\n\t\t\t\t\t\t\t<img decoding=\"async\" width=\"1024\" height=\"575\" src=\"https:\/\/maximeducharme.com\/wp-content\/uploads\/2023\/07\/Barbie-ecran-gameplay-1024x575.png\" class=\"attachment-large size-large wp-image-1481\" alt=\"\" srcset=\"https:\/\/maximeducharme.com\/wp-content\/uploads\/2023\/07\/Barbie-ecran-gameplay-1024x575.png 1024w, https:\/\/maximeducharme.com\/wp-content\/uploads\/2023\/07\/Barbie-ecran-gameplay-300x168.png 300w, https:\/\/maximeducharme.com\/wp-content\/uploads\/2023\/07\/Barbie-ecran-gameplay-768x431.png 768w, https:\/\/maximeducharme.com\/wp-content\/uploads\/2023\/07\/Barbie-ecran-gameplay-1536x862.png 1536w, https:\/\/maximeducharme.com\/wp-content\/uploads\/2023\/07\/Barbie-ecran-gameplay-800x450.png 800w, https:\/\/maximeducharme.com\/wp-content\/uploads\/2023\/07\/Barbie-ecran-gameplay.png 1925w\" sizes=\"(max-width: 1024px) 100vw, 1024px\" \/>\t\t\t\t\t\t\t\t<\/a>\n\t\t\t\t\t\t\t\t\t\t\t\t\t\t\t<\/div>\n\t\t\t\t<\/div>\n\t\t\t\t<div class=\"elementor-element elementor-element-3e1f1b5 elementor-widget elementor-widget-spacer\" data-id=\"3e1f1b5\" data-element_type=\"widget\" data-widget_type=\"spacer.default\">\n\t\t\t\t<div class=\"elementor-widget-container\">\n\t\t\t\t\t\t\t<div class=\"elementor-spacer\">\n\t\t\t<div class=\"elementor-spacer-inner\"><\/div>\n\t\t<\/div>\n\t\t\t\t\t\t<\/div>\n\t\t\t\t<\/div>\n\t\t\t\t<div class=\"elementor-element elementor-element-4c60bcf elementor-widget elementor-widget-heading\" data-id=\"4c60bcf\" data-element_type=\"widget\" data-widget_type=\"heading.default\">\n\t\t\t\t<div class=\"elementor-widget-container\">\n\t\t\t\t\t<h2 class=\"elementor-heading-title elementor-size-default\">Assets - Personnages, Accessoires et D\u00e9cor<\/h2>\t\t\t\t<\/div>\n\t\t\t\t<\/div>\n\t\t\t\t<div class=\"elementor-element elementor-element-9f5db0b gallery-spacing-custom elementor-widget elementor-widget-image-gallery\" data-id=\"9f5db0b\" data-element_type=\"widget\" data-widget_type=\"image-gallery.default\">\n\t\t\t\t<div class=\"elementor-widget-container\">\n\t\t\t\t\t\t\t<div class=\"elementor-image-gallery\">\n\t\t\t<div id='gallery-1' class='gallery galleryid-1584 gallery-columns-4 gallery-size-medium'><figure class='gallery-item'>\n\t\t\t<div class='gallery-icon landscape'>\n\t\t\t\t<a data-elementor-open-lightbox=\"yes\" data-elementor-lightbox-slideshow=\"9f5db0b\" data-e-action-hash=\"#elementor-action%3Aaction%3Dlightbox%26settings%3DeyJpZCI6MTQ1OSwidXJsIjoiaHR0cHM6XC9cL21heGltZWR1Y2hhcm1lLmNvbVwvd3AtY29udGVudFwvdXBsb2Fkc1wvMjAyM1wvMDdcL0NoYXJhY3RlcnMucG5nIiwic2xpZGVzaG93IjoiOWY1ZGIwYiJ9\" href='https:\/\/maximeducharme.com\/wp-content\/uploads\/2023\/07\/Characters.png'><img decoding=\"async\" width=\"300\" height=\"200\" src=\"https:\/\/maximeducharme.com\/wp-content\/uploads\/2023\/07\/Characters-300x200.png\" class=\"attachment-medium size-medium\" alt=\"\" srcset=\"https:\/\/maximeducharme.com\/wp-content\/uploads\/2023\/07\/Characters-300x200.png 300w, https:\/\/maximeducharme.com\/wp-content\/uploads\/2023\/07\/Characters-1024x684.png 1024w, https:\/\/maximeducharme.com\/wp-content\/uploads\/2023\/07\/Characters-768x513.png 768w, https:\/\/maximeducharme.com\/wp-content\/uploads\/2023\/07\/Characters-1536x1025.png 1536w, https:\/\/maximeducharme.com\/wp-content\/uploads\/2023\/07\/Characters.png 1588w\" sizes=\"(max-width: 300px) 100vw, 300px\" \/><\/a>\n\t\t\t<\/div><\/figure><figure class='gallery-item'>\n\t\t\t<div class='gallery-icon landscape'>\n\t\t\t\t<a data-elementor-open-lightbox=\"yes\" data-elementor-lightbox-slideshow=\"9f5db0b\" data-e-action-hash=\"#elementor-action%3Aaction%3Dlightbox%26settings%3DeyJpZCI6MTQ1NywidXJsIjoiaHR0cHM6XC9cL21heGltZWR1Y2hhcm1lLmNvbVwvd3AtY29udGVudFwvdXBsb2Fkc1wvMjAyM1wvMDdcL0JhcmJlY3Vlcy1hbmQtdGFibGUucG5nIiwic2xpZGVzaG93IjoiOWY1ZGIwYiJ9\" href='https:\/\/maximeducharme.com\/wp-content\/uploads\/2023\/07\/Barbecues-and-table.png'><img loading=\"lazy\" decoding=\"async\" width=\"300\" height=\"155\" src=\"https:\/\/maximeducharme.com\/wp-content\/uploads\/2023\/07\/Barbecues-and-table-300x155.png\" class=\"attachment-medium size-medium\" alt=\"\" srcset=\"https:\/\/maximeducharme.com\/wp-content\/uploads\/2023\/07\/Barbecues-and-table-300x155.png 300w, https:\/\/maximeducharme.com\/wp-content\/uploads\/2023\/07\/Barbecues-and-table-1024x529.png 1024w, https:\/\/maximeducharme.com\/wp-content\/uploads\/2023\/07\/Barbecues-and-table-768x397.png 768w, https:\/\/maximeducharme.com\/wp-content\/uploads\/2023\/07\/Barbecues-and-table-1536x793.png 1536w, https:\/\/maximeducharme.com\/wp-content\/uploads\/2023\/07\/Barbecues-and-table.png 1770w\" sizes=\"(max-width: 300px) 100vw, 300px\" \/><\/a>\n\t\t\t<\/div><\/figure><figure class='gallery-item'>\n\t\t\t<div class='gallery-icon landscape'>\n\t\t\t\t<a data-elementor-open-lightbox=\"yes\" data-elementor-lightbox-slideshow=\"9f5db0b\" data-e-action-hash=\"#elementor-action%3Aaction%3Dlightbox%26settings%3DeyJpZCI6MTQ2MCwidXJsIjoiaHR0cHM6XC9cL21heGltZWR1Y2hhcm1lLmNvbVwvd3AtY29udGVudFwvdXBsb2Fkc1wvMjAyM1wvMDdcL1ZpYW5kZXMtY29uY2VwdHMucG5nIiwic2xpZGVzaG93IjoiOWY1ZGIwYiJ9\" href='https:\/\/maximeducharme.com\/wp-content\/uploads\/2023\/07\/Viandes-concepts.png'><img loading=\"lazy\" decoding=\"async\" width=\"300\" height=\"171\" src=\"https:\/\/maximeducharme.com\/wp-content\/uploads\/2023\/07\/Viandes-concepts-300x171.png\" class=\"attachment-medium size-medium\" alt=\"\" srcset=\"https:\/\/maximeducharme.com\/wp-content\/uploads\/2023\/07\/Viandes-concepts-300x171.png 300w, https:\/\/maximeducharme.com\/wp-content\/uploads\/2023\/07\/Viandes-concepts-1024x584.png 1024w, https:\/\/maximeducharme.com\/wp-content\/uploads\/2023\/07\/Viandes-concepts-768x438.png 768w, https:\/\/maximeducharme.com\/wp-content\/uploads\/2023\/07\/Viandes-concepts.png 1509w\" sizes=\"(max-width: 300px) 100vw, 300px\" \/><\/a>\n\t\t\t<\/div><\/figure><figure class='gallery-item'>\n\t\t\t<div class='gallery-icon landscape'>\n\t\t\t\t<a data-elementor-open-lightbox=\"yes\" data-elementor-lightbox-slideshow=\"9f5db0b\" data-e-action-hash=\"#elementor-action%3Aaction%3Dlightbox%26settings%3DeyJpZCI6MTQ4MCwidXJsIjoiaHR0cHM6XC9cL21heGltZWR1Y2hhcm1lLmNvbVwvd3AtY29udGVudFwvdXBsb2Fkc1wvMjAyM1wvMDdcL0JhY2tncm91bmQtc29sLnBuZyIsInNsaWRlc2hvdyI6IjlmNWRiMGIifQ%3D%3D\" href='https:\/\/maximeducharme.com\/wp-content\/uploads\/2023\/07\/Background-sol.png'><img loading=\"lazy\" decoding=\"async\" width=\"300\" height=\"168\" src=\"https:\/\/maximeducharme.com\/wp-content\/uploads\/2023\/07\/Background-sol-300x168.png\" class=\"attachment-medium size-medium\" alt=\"\" srcset=\"https:\/\/maximeducharme.com\/wp-content\/uploads\/2023\/07\/Background-sol-300x168.png 300w, https:\/\/maximeducharme.com\/wp-content\/uploads\/2023\/07\/Background-sol-1024x575.png 1024w, https:\/\/maximeducharme.com\/wp-content\/uploads\/2023\/07\/Background-sol-768x431.png 768w, https:\/\/maximeducharme.com\/wp-content\/uploads\/2023\/07\/Background-sol-1536x863.png 1536w, https:\/\/maximeducharme.com\/wp-content\/uploads\/2023\/07\/Background-sol-800x450.png 800w, https:\/\/maximeducharme.com\/wp-content\/uploads\/2023\/07\/Background-sol.png 1925w\" sizes=\"(max-width: 300px) 100vw, 300px\" \/><\/a>\n\t\t\t<\/div><\/figure>\n\t\t<\/div>\n\t\t<\/div>\n\t\t\t\t\t\t<\/div>\n\t\t\t\t<\/div>\n\t\t\t\t\t<\/div>\n\t\t<\/div>\n\t\t\t\t\t<\/div>\n\t\t<\/section>\n\t\t\t\t<\/div>\n\t\t","protected":false},"excerpt":{"rendered":"<p>J&rsquo;\u00e9tais Graphiste 2D au sein d&rsquo;une \u00e9quipe de 4 personnes dont moi, dans le cadre de ce projet de jeu vid\u00e9o r\u00e9alis\u00e9 en 48h \u00e0 l&rsquo;occasion d&rsquo;une Game Jam.J&rsquo;ai r\u00e9alis\u00e9 tous les assets du jeu avec le logiciel Adobe Illustrator : personnages, d\u00e9cor, accessoires ainsi que l&rsquo;\u00e9cran titre.Le jeu est disponible ici : https:\/\/unikaz.itch.io\/barbicue Vue [&hellip;]<\/p>\n","protected":false},"author":1,"featured_media":0,"parent":0,"menu_order":0,"comment_status":"closed","ping_status":"closed","template":"","meta":{"_seopress_robots_primary_cat":"","_seopress_titles_title":"","_seopress_titles_desc":"","_seopress_robots_index":"","footnotes":""},"class_list":["post-1584","page","type-page","status-publish","hentry","entry"],"_links":{"self":[{"href":"https:\/\/maximeducharme.com\/index.php\/wp-json\/wp\/v2\/pages\/1584","targetHints":{"allow":["GET"]}}],"collection":[{"href":"https:\/\/maximeducharme.com\/index.php\/wp-json\/wp\/v2\/pages"}],"about":[{"href":"https:\/\/maximeducharme.com\/index.php\/wp-json\/wp\/v2\/types\/page"}],"author":[{"embeddable":true,"href":"https:\/\/maximeducharme.com\/index.php\/wp-json\/wp\/v2\/users\/1"}],"replies":[{"embeddable":true,"href":"https:\/\/maximeducharme.com\/index.php\/wp-json\/wp\/v2\/comments?post=1584"}],"version-history":[{"count":31,"href":"https:\/\/maximeducharme.com\/index.php\/wp-json\/wp\/v2\/pages\/1584\/revisions"}],"predecessor-version":[{"id":1629,"href":"https:\/\/maximeducharme.com\/index.php\/wp-json\/wp\/v2\/pages\/1584\/revisions\/1629"}],"wp:attachment":[{"href":"https:\/\/maximeducharme.com\/index.php\/wp-json\/wp\/v2\/media?parent=1584"}],"curies":[{"name":"wp","href":"https:\/\/api.w.org\/{rel}","templated":true}]}}