{"id":230,"date":"2022-01-09T18:35:06","date_gmt":"2022-01-09T17:35:06","guid":{"rendered":"https:\/\/maximeducharme.com\/?page_id=230"},"modified":"2024-08-06T12:09:45","modified_gmt":"2024-08-06T10:09:45","slug":"a-propos","status":"publish","type":"page","link":"https:\/\/maximeducharme.com\/index.php\/a-propos\/","title":{"rendered":"\u00c0 Propos"},"content":{"rendered":"\t\t<div data-elementor-type=\"wp-page\" data-elementor-id=\"230\" class=\"elementor elementor-230\">\n\t\t\t\t\t\t<section class=\"elementor-section elementor-top-section elementor-element elementor-element-5a610936 elementor-section-height-min-height elementor-section-boxed elementor-section-height-default elementor-section-items-middle\" data-id=\"5a610936\" data-element_type=\"section\" data-settings=\"{&quot;background_background&quot;:&quot;classic&quot;}\">\n\t\t\t\t\t\t\t<div class=\"elementor-background-overlay\"><\/div>\n\t\t\t\t\t\t\t<div class=\"elementor-container elementor-column-gap-default\">\n\t\t\t\t\t<div class=\"elementor-column elementor-col-100 elementor-top-column elementor-element elementor-element-5654f984\" data-id=\"5654f984\" data-element_type=\"column\">\n\t\t\t<div class=\"elementor-widget-wrap elementor-element-populated\">\n\t\t\t\t\t\t<div class=\"elementor-element elementor-element-6997a17d elementor-widget elementor-widget-heading\" data-id=\"6997a17d\" data-element_type=\"widget\" data-widget_type=\"heading.default\">\n\t\t\t\t<div class=\"elementor-widget-container\">\n\t\t\t\t\t<h2 class=\"elementor-heading-title elementor-size-default\">\u00c0 Propos<\/h2>\t\t\t\t<\/div>\n\t\t\t\t<\/div>\n\t\t\t\t\t<\/div>\n\t\t<\/div>\n\t\t\t\t\t<\/div>\n\t\t<\/section>\n\t\t\t\t<section class=\"elementor-section elementor-top-section elementor-element elementor-element-4c484f8 elementor-section-boxed elementor-section-height-default elementor-section-height-default\" data-id=\"4c484f8\" data-element_type=\"section\">\n\t\t\t\t\t\t<div class=\"elementor-container elementor-column-gap-default\">\n\t\t\t\t\t<div class=\"elementor-column elementor-col-100 elementor-top-column elementor-element elementor-element-4c09af8\" data-id=\"4c09af8\" data-element_type=\"column\">\n\t\t\t<div class=\"elementor-widget-wrap elementor-element-populated\">\n\t\t\t\t\t\t<div class=\"elementor-element elementor-element-f1fc406 elementor-widget elementor-widget-video\" data-id=\"f1fc406\" data-element_type=\"widget\" data-settings=\"{&quot;video_type&quot;:&quot;vimeo&quot;}\" data-widget_type=\"video.default\">\n\t\t\t\t<div class=\"elementor-widget-container\">\n\t\t\t\t\t\t\t<div class=\"elementor-wrapper elementor-open-inline\">\n\t\t\t<iframe class=\"elementor-video-iframe\" allowfullscreen allow=\"clipboard-write\" title=\"Lecteur vid\u00e9o vimeo\" src=\"https:\/\/player.vimeo.com\/video\/875973225?color&amp;autopause=0&amp;loop=0&amp;muted=0&amp;title=1&amp;portrait=1&amp;byline=1#t=\"><\/iframe>\t\t<\/div>\n\t\t\t\t\t\t<\/div>\n\t\t\t\t<\/div>\n\t\t\t\t\t<\/div>\n\t\t<\/div>\n\t\t\t\t\t<\/div>\n\t\t<\/section>\n\t\t\t\t<section class=\"elementor-section elementor-top-section elementor-element elementor-element-51255351 elementor-section-boxed elementor-section-height-default elementor-section-height-default\" data-id=\"51255351\" data-element_type=\"section\">\n\t\t\t\t\t\t<div class=\"elementor-container elementor-column-gap-default\">\n\t\t\t\t\t<div class=\"elementor-column elementor-col-100 elementor-top-column elementor-element elementor-element-603cef9\" data-id=\"603cef9\" data-element_type=\"column\">\n\t\t\t<div class=\"elementor-widget-wrap elementor-element-populated\">\n\t\t\t\t\t\t<div class=\"elementor-element elementor-element-28a3f0e elementor-widget elementor-widget-text-editor\" data-id=\"28a3f0e\" data-element_type=\"widget\" data-widget_type=\"text-editor.default\">\n\t\t\t\t<div class=\"elementor-widget-container\">\n\t\t\t\t\t\t\t\t\t<p>Je suis Maxime DUCHARME, artiste plasticien, illustrateur et r\u00e9alisateur.<br \/>Passionn\u00e9 de cin\u00e9ma, bande dessin\u00e9e et jeux vid\u00e9os, je commence \u00e0 r\u00e9aliser mes premiers courts m\u00e9trages en autodidacte avant d&rsquo;int\u00e9grer <strong>e|m|a \u00e9cole m\u00e9dia art Fructidor<\/strong> de Chalon sur Sa\u00f4ne de 2014 \u00e0 2019. <br \/>Mon travail se d\u00e9veloppe alors \u00e0 travers trois m\u00e9diums : le dessin d\u2019une part, la sculpture et la vid\u00e9o d\u2019autre part. Je cherchais \u00e0 cr\u00e9er des paysages imaginaires destin\u00e9s \u00e0 servir de d\u00e9cors \u00e0 mes films et c\u2019est ainsi que je me suis mis \u00e0 r\u00e9aliser des sculptures dont une partie emprunte les codes de la maquette, du d\u00e9cor de film, et une autre partie inspir\u00e9e par des processus naturels.<\/p><p>En 2017, je me rends \u00e0 l&rsquo;\u00e9cole d&rsquo;art de Kassel en Allemagne, dans le cadre de mon Master o\u00f9 je d\u00e9couvre et exp\u00e9rimente des techniques d&rsquo;animation 2D et stop motion et r\u00e9alise un court m\u00e9trage intitul\u00e9 \u00ab\u00a0<a href=\"https:\/\/www.youtube.com\/watch?v=wSrgFdMfQCk\"><strong>Collapse<\/strong><\/a>\u00ab\u00a0.<br \/>De 2019 \u00e0 2020, apr\u00e8s mon Master je me rends \u00e0 nouveau \u00e0 Kassel afin de r\u00e9aliser un autre court m\u00e9trage \u00ab\u00a0<a href=\"https:\/\/maximeducharme.com\/index.php\/expand\/\"><strong>Expand<\/strong><\/a>\u00ab\u00a0.<\/p><p>En 2021 je suis laur\u00e9at du dispositif <a href=\"https:\/\/jump-incubateur.fr\/\"><strong>JUMP<\/strong><\/a> durant lequel je travaille comme dessinateur au sein d&rsquo;un groupe pluridisciplinaire qui r\u00e9unit la musique, le th\u00e9\u00e2tre et les arts plastiques.<br \/>Cette m\u00eame ann\u00e9e j&rsquo;effectue une formation en ligne avec l&rsquo;\u00e9cole <strong>STUDI,<\/strong> intitul\u00e9e <strong>\u00ab\u00a0Charg\u00e9 de Marketing Digital\u00a0\u00bb<\/strong>, qui me permet de travailler en tant qu&rsquo;<strong>assistant communication digitale et vid\u00e9o <\/strong>au sein de l&rsquo;\u00e9cole de musique <strong>Jazz \u00c0 Tours<\/strong> et pour laquelle je <strong>r\u00e9alise les contenus vid\u00e9os en prises de vues r\u00e9elles<\/strong>\u00a0(interviews, captations de concerts, r\u00e9sidences musicales) \u00e0 destination des r\u00e9seaux sociaux et du web.<\/p><p>De <strong>Janvier \u00e0 Mars 2024, <\/strong>j&rsquo;ai r\u00e9alis\u00e9 mon premier <strong>prototype de jeu vid\u00e9o, \u00ab\u00a0<a href=\"https:\/\/maximeducharme.com\/index.php\/hostile-ground\/\">Hostile Ground<\/a>\u00a0\u00bb <\/strong>lors d&rsquo;une <strong>formation continue<\/strong> au logiciel de 3D temps r\u00e9el <strong>Unity<\/strong> chez <strong>Waide -Somme, l&rsquo;\u00e9cole du cin\u00e9ma d&rsquo;animation 2D-3D et jeu vid\u00e9o.<\/strong><br \/>J&rsquo;ai pu d\u00e9couvrir et travaill\u00e9 <strong>chaque \u00e9tape de cr\u00e9ation d&rsquo;un jeu vid\u00e9o et d&rsquo;un film<\/strong>, ce qui me permet d&rsquo;avoir une <strong>double casquette de graphiste et r\u00e9alisateur<\/strong> avec une <strong>vision d&rsquo;ensemble<\/strong> des <strong>processus de production<\/strong> pour ces deux domaines et consolider mon envie de <strong>donner vie et concr\u00e9tiser des univers.<br \/><\/strong><br \/>Artiste auteur passionn\u00e9, je travaille en tant que <strong>r\u00e9alisateur ind\u00e9pendant<\/strong> sur mon troisi\u00e8me <strong>court m\u00e9trage<\/strong> d&rsquo;animation 2D intitul\u00e9 \u00ab\u00a0<a href=\"https:\/\/maximeducharme.com\/index.php\/invaded\/\"><strong>Invaded<\/strong><\/a>\u00a0\u00bb en parall\u00e8le de ma recherche d&#8217;emploi dans le domaine du <b>Cin\u00e9ma <\/b>(prises de vues r\u00e9elles et animation 3D)<b>.<br \/><\/b>\u00c0 cet effet, je commence une <b>formation continue<\/b> en <b>cin\u00e9ma d&rsquo;animation 3D<\/b>, d&rsquo;une dur\u00e9e de 1 an, \u00e0 partir du mois de Septembre 2024 avec ce <b>m\u00eame objectif <\/b>de<b> monter en comp\u00e9tences <\/b>et travailler dans le domaine qui me<b> passionne.<\/b><\/p>\t\t\t\t\t\t\t\t<\/div>\n\t\t\t\t<\/div>\n\t\t\t\t\t<\/div>\n\t\t<\/div>\n\t\t\t\t\t<\/div>\n\t\t<\/section>\n\t\t\t\t<\/div>\n\t\t","protected":false},"excerpt":{"rendered":"<p>\u00c0 Propos https:\/\/vimeo.com\/875973225 Je suis Maxime DUCHARME, artiste plasticien, illustrateur et r\u00e9alisateur.Passionn\u00e9 de cin\u00e9ma, bande dessin\u00e9e et jeux vid\u00e9os, je commence \u00e0 r\u00e9aliser mes premiers courts m\u00e9trages en autodidacte avant d&rsquo;int\u00e9grer e|m|a \u00e9cole m\u00e9dia art Fructidor de Chalon sur Sa\u00f4ne de 2014 \u00e0 2019. Mon travail se d\u00e9veloppe alors \u00e0 travers trois m\u00e9diums : le [&hellip;]<\/p>\n","protected":false},"author":1,"featured_media":0,"parent":0,"menu_order":0,"comment_status":"closed","ping_status":"closed","template":"","meta":{"_seopress_robots_primary_cat":"","_seopress_titles_title":"","_seopress_titles_desc":"","_seopress_robots_index":"","footnotes":""},"class_list":["post-230","page","type-page","status-publish","hentry","entry"],"_links":{"self":[{"href":"https:\/\/maximeducharme.com\/index.php\/wp-json\/wp\/v2\/pages\/230","targetHints":{"allow":["GET"]}}],"collection":[{"href":"https:\/\/maximeducharme.com\/index.php\/wp-json\/wp\/v2\/pages"}],"about":[{"href":"https:\/\/maximeducharme.com\/index.php\/wp-json\/wp\/v2\/types\/page"}],"author":[{"embeddable":true,"href":"https:\/\/maximeducharme.com\/index.php\/wp-json\/wp\/v2\/users\/1"}],"replies":[{"embeddable":true,"href":"https:\/\/maximeducharme.com\/index.php\/wp-json\/wp\/v2\/comments?post=230"}],"version-history":[{"count":62,"href":"https:\/\/maximeducharme.com\/index.php\/wp-json\/wp\/v2\/pages\/230\/revisions"}],"predecessor-version":[{"id":2105,"href":"https:\/\/maximeducharme.com\/index.php\/wp-json\/wp\/v2\/pages\/230\/revisions\/2105"}],"wp:attachment":[{"href":"https:\/\/maximeducharme.com\/index.php\/wp-json\/wp\/v2\/media?parent=230"}],"curies":[{"name":"wp","href":"https:\/\/api.w.org\/{rel}","templated":true}]}}